{"id":919,"date":"2018-05-14T12:51:40","date_gmt":"2018-05-14T12:51:40","guid":{"rendered":"http:\/\/keenitsolutions.com\/products\/wordpress\/rsconstruction\/?page_id=919"},"modified":"2021-06-09T10:53:39","modified_gmt":"2021-06-09T10:53:39","slug":"about-us-2","status":"publish","type":"page","link":"https:\/\/ckinvestment.com.vn\/en\/about-us-2\/","title":{"rendered":"About Us"},"content":{"rendered":"<div data-vc-full-width=\"true\" data-vc-full-width-init=\"false\" class=\"vc_row wpb_row vc_row-fluid vc_custom_1623208040075 vc_row-has-fill vc_column-gap-35 vc_row-o-equal-height vc_row-o-content-middle vc_row-flex\"><div class=\"wpb_column vc_column_container vc_col-sm-8\"><div class=\"vc_column-inner\"><div class=\"wpb_wrapper\">\r\n        <div class=\"rs-heading  border-style\">\r\n        \t<div class=\"title-inner\">\r\n\t            <span class=\"sub-text\">About us<\/span>\r\n\t            <h2>CHI KHANG INVESTMENT SERVICE CO., LTD<\/h2>\r\n\t        <\/div><\/div>\n\t<div class=\"wpb_text_column wpb_content_element\" >\n\t\t<div class=\"wpb_wrapper\">\n\t\t\t<p>Founder in May, 2020, Chi Khang Investment Service Co., Ltd was born with the main purpose and principle of ensuring safety, following international standards for customers, providing training services with the most efficiency and timely.<\/p>\n<p>CK Investment aims to provide online training services in the future to ensure the attractiveness of the training program, attract more and more multi-disciplinary customers, to become one of professional training centers, bringing maximum satisfaction to customers.<\/p>\n\n\t\t<\/div>\n\t<\/div>\n<\/div><\/div><\/div><div class=\"wpb_column vc_column_container vc_col-sm-4\"><div class=\"vc_column-inner\"><div class=\"wpb_wrapper\">\n\t<div  class=\"wpb_single_image wpb_content_element vc_align_left\">\n\t\t\n\t\t<figure class=\"wpb_wrapper vc_figure\">\n\t\t\t<div class=\"vc_single_image-wrapper   vc_box_border_grey\"><img width=\"1980\" height=\"1361\" src=\"https:\/\/ckinvestment.com.vn\/wp-content\/uploads\/2021\/06\/202-2_compressed.jpg\" class=\"vc_single_image-img attachment-full\" alt=\"\" decoding=\"async\" loading=\"lazy\" srcset=\"https:\/\/ckinvestment.com.vn\/wp-content\/uploads\/2021\/06\/202-2_compressed.jpg 1980w, https:\/\/ckinvestment.com.vn\/wp-content\/uploads\/2021\/06\/202-2_compressed-300x206.jpg 300w, https:\/\/ckinvestment.com.vn\/wp-content\/uploads\/2021\/06\/202-2_compressed-1024x704.jpg 1024w, https:\/\/ckinvestment.com.vn\/wp-content\/uploads\/2021\/06\/202-2_compressed-768x528.jpg 768w, https:\/\/ckinvestment.com.vn\/wp-content\/uploads\/2021\/06\/202-2_compressed-1536x1056.jpg 1536w, https:\/\/ckinvestment.com.vn\/wp-content\/uploads\/2021\/06\/202-2_compressed-16x12.jpg 16w\" sizes=\"(max-width: 1980px) 100vw, 1980px\" \/><\/div>\n\t\t<\/figure>\n\t<\/div>\n<\/div><\/div><\/div><\/div><div class=\"vc_row-full-width vc_clearfix\"><\/div><div id=\"rs-about\" data-vc-full-width=\"true\" data-vc-full-width-init=\"false\" data-vc-stretch-content=\"true\" class=\"vc_row wpb_row vc_row-fluid we-offer vc_custom_1529584542978 vc_row-has-fill vc_row-no-padding vc_row-o-content-middle vc_row-flex\"><div class=\"wpb_column vc_column_container vc_col-sm-6\"><div class=\"vc_column-inner vc_custom_1528838300342\"><div class=\"wpb_wrapper\"><\/div><\/div><\/div><div class=\"wpb_column vc_column_container vc_col-sm-6 vc_col-has-fill\"><div class=\"vc_column-inner vc_custom_1529560530190\"><div class=\"wpb_wrapper\">\r\n        <div class=\"rs-heading  vc_custom_1623208684051 border-style\">\r\n        \t<div class=\"title-inner\">\r\n\t            \r\n\t            <h2>Operation motto of Chi Khang Investment Service Co., Ltd<\/h2>\r\n\t        <\/div><div class=\"description\"><p><span style=\"font-weight: 400;\">Chi Khang Investment Service Co., Ltd has built the following standard principles in serving customers:<\/span><\/p><\/div><\/div><div class=\"vc_row wpb_row vc_inner vc_row-fluid\"><div class=\"wpb_column vc_column_container vc_col-sm-6\"><div class=\"vc_column-inner\"><div class=\"wpb_wrapper\"><div class=\"rs-services\"><div class=\"service-inner services-style-2 left\">\n\t\t<div class=\"services-wrap\"> \n         <div class=\"services-item\">\n            <div class=\"services-icon\">\n                <a href=\"#\" title=\"\"><img src=\"https:\/\/ckinvestment.com.vn\/wp-content\/uploads\/2018\/06\/011-house.png\" alt=\"Mang l\u1ea1i s\u1ef1 tin t\u01b0\u1edfng tuy\u1ec7t \u0111\u1ed1i cho kh\u00e1ch h\u00e0ng\" \/><\/a>\n             <\/div>\n        \n\t\t<div class=\"services-desc\">\n\t\t\t<h3 class=\"services-title services-title2\"><a href=\"#\" title=\"\">Bring absolute credence to customers<\/a><\/h3>\n\t\t\t<p><\/p>\n\t\t\t\n\t\t<\/div>\t\t\n\t\t<\/div>\t\n\t<\/div>\n\t<\/div><\/div><div class=\"rs-services\"><div class=\"service-inner services-style-2 left\">\n\t\t<div class=\"services-wrap\"> \n         <div class=\"services-item\">\n            <div class=\"services-icon\">\n                <a href=\"#\" title=\"\"><img src=\"https:\/\/ckinvestment.com.vn\/wp-content\/uploads\/2018\/06\/sketch.png\" alt=\"\u0110\u1ea3m b\u1ea3o ch\u01b0\u01a1ng tr\u00ecnh \u0111\u00e0o t\u1ea1o lu\u00f4n tu\u00e2n theo c\u00e1c ti\u00eau chu\u1ea9n qu\u1ed1c t\u1ebf\" \/><\/a>\n             <\/div>\n        \n\t\t<div class=\"services-desc\">\n\t\t\t<h3 class=\"services-title services-title2\"><a href=\"#\" title=\"\">Ensure training programs always follow international standards<\/a><\/h3>\n\t\t\t<p><\/p>\n\t\t\t\n\t\t<\/div>\t\t\n\t\t<\/div>\t\n\t<\/div>\n\t<\/div><\/div><div class=\"rs-services\"><div class=\"service-inner services-style-2 left\">\n\t\t<div class=\"services-wrap\"> \n         <div class=\"services-item\">\n            <div class=\"services-icon\">\n                <a href=\"#\" title=\"\"><img src=\"https:\/\/ckinvestment.com.vn\/wp-content\/uploads\/2018\/06\/shop.png\" alt=\"Nhi\u1ec7t t\u00ecnh, chu \u0111\u00e1o v\u1edbi th\u00e1i \u0111\u1ed9 nhanh nh\u1eb9n, h\u00f2a nh\u00e3.\" \/><\/a>\n             <\/div>\n        \n\t\t<div class=\"services-desc\">\n\t\t\t<h3 class=\"services-title services-title2\"><a href=\"#\" title=\"\">Ensure training programs always follow international standards<\/a><\/h3>\n\t\t\t<p><\/p>\n\t\t\t\n\t\t<\/div>\t\t\n\t\t<\/div>\t\n\t<\/div>\n\t<\/div><\/div><\/div><\/div><\/div><div class=\"wpb_column vc_column_container vc_col-sm-6\"><div class=\"vc_column-inner\"><div class=\"wpb_wrapper\"><div class=\"rs-services\"><div class=\"service-inner services-style-2 left\">\n\t\t<div class=\"services-wrap\"> \n         <div class=\"services-item\">\n            <div class=\"services-icon\">\n                <a ><img src=\"https:\/\/ckinvestment.com.vn\/wp-content\/uploads\/2018\/06\/sketch.png\" alt=\"\u0110\u1ea3m b\u1ea3o cung c\u1ea5p d\u1ecbch v\u1ee5 v\u1edbi gi\u00e1 c\u1ea3 h\u1ee3p l\u00fd v\u00e0 s\u1ee9c c\u1ea1nh tranh cao\" \/><\/a>\n             <\/div>\n        \n\t\t<div class=\"services-desc\">\n\t\t\t<h3 class=\"services-title services-title2\"><a >Ensuring service provision with reasonable price and highly competitive<\/a><\/h3>\n\t\t\t<p><\/p>\n\t\t\t\n\t\t<\/div>\t\t\n\t\t<\/div>\t\n\t<\/div>\n\t<\/div><\/div><div class=\"rs-services\"><div class=\"service-inner services-style-2 left\">\n\t\t<div class=\"services-wrap\"> \n         <div class=\"services-item\">\n            <div class=\"services-icon\">\n                <a href=\"#\" title=\"\"><img src=\"https:\/\/ckinvestment.com.vn\/wp-content\/uploads\/2018\/06\/tools.png\" alt=\"Lu\u00f4n quan t\u00e2m \u0111\u1ebfn ch\u00ednh s\u00e1ch \u0111\u00e0o t\u1ea1o nh\u00e2n vi\u00ean \u0111\u1ec3 \u0111\u1ea3m b\u1ea3o t\u00ednh chuy\u00ean m\u00f4n cao\" \/><\/a>\n             <\/div>\n        \n\t\t<div class=\"services-desc\">\n\t\t\t<h3 class=\"services-title services-title2\"><a href=\"#\" title=\"\">Create highly professionalism for employees by applying training needs policy<\/a><\/h3>\n\t\t\t<p><\/p>\n\t\t\t\n\t\t<\/div>\t\t\n\t\t<\/div>\t\n\t<\/div>\n\t<\/div><\/div><\/div><\/div><\/div><\/div><\/div><\/div><\/div><\/div><div class=\"vc_row-full-width vc_clearfix\"><\/div><div id=\"rs-testimonial\" data-vc-full-width=\"true\" data-vc-full-width-init=\"false\" class=\"vc_row wpb_row vc_row-fluid rs-testimonial-home vc_custom_1529561324472 vc_column-gap-10\"><div class=\"wpb_column vc_column_container vc_col-sm-12\"><div class=\"vc_column-inner vc_custom_1528709296379\"><div class=\"wpb_wrapper\">\r\n        <div class=\"rs-heading  vc_custom_1623215054089 border-style center\">\r\n        \t<div class=\"title-inner\">\r\n\t            \r\n\t            <h2>Training<\/h2>\r\n\t        <\/div><\/div><div class=\"vc_row wpb_row vc_inner vc_row-fluid\"><div class=\"wpb_column vc_column_container vc_col-sm-3\"><div class=\"vc_column-inner\"><div class=\"wpb_wrapper\"><div class=\"rs-services\"><div class=\"service-inner services-style-3 center\">\n\t\t<div class=\"services-wrap\"> \n         <div class=\"services-item\">\n            <div class=\"services-icon\">\n                <a href=\"#\" title=\"\"><img src=\"https:\/\/ckinvestment.com.vn\/wp-content\/uploads\/2018\/06\/008-fix.png\" alt=\"\u0110\u00e0o t\u1ea1o k\u1ef9 thu\u1eadt\" \/><\/a>\n             <\/div>\n        \n\t\t<div class=\"services-desc\">\n\t\t\t<h3 class=\"services-title services-title2\"><a href=\"#\" title=\"\">Technical training<\/a><\/h3>\n\t\t\t<p><\/p>\n\t\t\t\n\t\t<\/div>\t\t\n\t\t<\/div>\t\n\t<\/div>\n\t<\/div><\/div><\/div><\/div><\/div><div class=\"wpb_column vc_column_container vc_col-sm-3\"><div class=\"vc_column-inner\"><div class=\"wpb_wrapper\"><div class=\"rs-services\"><div class=\"service-inner services-style-3 center\">\n\t\t<div class=\"services-wrap\"> \n         <div class=\"services-item\">\n            <div class=\"services-icon\">\n                <a href=\"#\" title=\"\"><img src=\"https:\/\/ckinvestment.com.vn\/wp-content\/uploads\/2018\/06\/003-builder.png\" alt=\"\u0110\u00e0o t\u1ea1o an to\u00e0n\" \/><\/a>\n             <\/div>\n        \n\t\t<div class=\"services-desc\">\n\t\t\t<h3 class=\"services-title services-title2\"><a href=\"#\" title=\"\">Safety training<\/a><\/h3>\n\t\t\t<p><\/p>\n\t\t\t\n\t\t<\/div>\t\t\n\t\t<\/div>\t\n\t<\/div>\n\t<\/div><\/div><\/div><\/div><\/div><div class=\"wpb_column vc_column_container vc_col-sm-3\"><div class=\"vc_column-inner\"><div class=\"wpb_wrapper\"><div class=\"rs-services\"><div class=\"service-inner services-style-3 center\">\n\t\t<div class=\"services-wrap\"> \n         <div class=\"services-item\">\n            <div class=\"services-icon\">\n                <a href=\"#\" title=\"\"><img src=\"https:\/\/ckinvestment.com.vn\/wp-content\/uploads\/2018\/06\/007-drill-1.png\" alt=\"\u0110\u00e0o t\u1ea1o k\u1ef9 thu\u1eadt khoan\" \/><\/a>\n             <\/div>\n        \n\t\t<div class=\"services-desc\">\n\t\t\t<h3 class=\"services-title services-title2\"><a href=\"#\" title=\"\">Drilling training<\/a><\/h3>\n\t\t\t<p><\/p>\n\t\t\t\n\t\t<\/div>\t\t\n\t\t<\/div>\t\n\t<\/div>\n\t<\/div><\/div><\/div><\/div><\/div><div class=\"wpb_column vc_column_container vc_col-sm-3\"><div class=\"vc_column-inner\"><div class=\"wpb_wrapper\"><div class=\"rs-services\"><div class=\"service-inner services-style-3 center\">\n\t\t<div class=\"services-wrap\"> \n         <div class=\"services-item\">\n            <div class=\"services-icon\">\n                <a href=\"#\" title=\"\"><img src=\"https:\/\/ckinvestment.com.vn\/wp-content\/uploads\/2018\/06\/002-efficiency.png\" alt=\"\u0110\u00e0o t\u1ea1o k\u1ef9 n\u0103ng m\u1ec1m\" \/><\/a>\n             <\/div>\n        \n\t\t<div class=\"services-desc\">\n\t\t\t<h3 class=\"services-title services-title2\"><a href=\"#\" title=\"\">Softskill training<\/a><\/h3>\n\t\t\t<p><\/p>\n\t\t\t\n\t\t<\/div>\t\t\n\t\t<\/div>\t\n\t<\/div>\n\t<\/div><\/div><\/div><\/div><\/div><\/div><div class=\"vc_row wpb_row vc_inner vc_row-fluid vc_custom_1623236016350\"><div class=\"wpb_column vc_column_container vc_col-sm-12\"><div class=\"vc_column-inner\"><div class=\"wpb_wrapper\">\r\n        <div class=\"rs-heading  vc_custom_1623234370922 border-style center\">\r\n        \t<div class=\"title-inner\">\r\n\t            \r\n\t            <h2>Techinal Services<\/h2>\r\n\t        <\/div><\/div><\/div><\/div><\/div><\/div><div class=\"vc_row wpb_row vc_inner vc_row-fluid\"><div class=\"wpb_column vc_column_container vc_col-sm-6\"><div class=\"vc_column-inner\"><div class=\"wpb_wrapper\">\n\t<div  class=\"wpb_single_image wpb_content_element vc_align_center\">\n\t\t\n\t\t<figure class=\"wpb_wrapper vc_figure\">\n\t\t\t<div class=\"vc_single_image-wrapper   vc_box_border_grey\"><img width=\"700\" height=\"450\" src=\"https:\/\/ckinvestment.com.vn\/wp-content\/uploads\/2021\/06\/4398-DICHVU.jpg\" class=\"vc_single_image-img attachment-full\" alt=\"\" decoding=\"async\" loading=\"lazy\" srcset=\"https:\/\/ckinvestment.com.vn\/wp-content\/uploads\/2021\/06\/4398-DICHVU.jpg 700w, https:\/\/ckinvestment.com.vn\/wp-content\/uploads\/2021\/06\/4398-DICHVU-300x193.jpg 300w, https:\/\/ckinvestment.com.vn\/wp-content\/uploads\/2021\/06\/4398-DICHVU-16x10.jpg 16w\" sizes=\"(max-width: 700px) 100vw, 700px\" \/><\/div>\n\t\t<\/figure>\n\t<\/div>\n<\/div><\/div><\/div><div class=\"wpb_column vc_column_container vc_col-sm-6\"><div class=\"vc_column-inner\"><div class=\"wpb_wrapper\">\n\t<div class=\"wpb_text_column wpb_content_element\" >\n\t\t<div class=\"wpb_wrapper\">\n\t\t\t<p>We provide professional technical services:<\/p>\n<ul>\n<li>Technical Consultant<\/li>\n<li>Bussiness, Maintanace, Repair of Machinery<\/li>\n<li>Mechanical, Coating and Treatment<\/li>\n<li>Miscalkaneous Services<\/li>\n<\/ul>\n\n\t\t<\/div>\n\t<\/div>\n<\/div><\/div><\/div><\/div><\/div><\/div><\/div><\/div><div class=\"vc_row-full-width vc_clearfix\"><\/div><div id=\"cta-sec\" data-vc-full-width=\"true\" data-vc-full-width-init=\"false\" class=\"vc_row wpb_row vc_row-fluid vc_custom_1525770342759 vc_row-has-fill vc_row-o-content-middle vc_row-flex\"><div class=\"wpb_column vc_column_container vc_col-sm-2\"><div class=\"vc_column-inner\"><div class=\"wpb_wrapper\">\n\t<div  class=\"wpb_single_image wpb_content_element vc_align_left\">\n\t\t\n\t\t<figure class=\"wpb_wrapper vc_figure\">\n\t\t\t<div class=\"vc_single_image-wrapper   vc_box_border_grey\"><img width=\"128\" height=\"120\" src=\"https:\/\/ckinvestment.com.vn\/wp-content\/uploads\/2018\/06\/icon3.png\" class=\"vc_single_image-img attachment-full\" alt=\"\" decoding=\"async\" loading=\"lazy\" \/><\/div>\n\t\t<\/figure>\n\t<\/div>\n<\/div><\/div><\/div><div class=\"wpb_column vc_column_container vc_col-sm-7\"><div class=\"vc_column-inner\"><div class=\"wpb_wrapper\">\n\t<div class=\"wpb_text_column wpb_content_element  callto-desc\" >\n\t\t<div class=\"wpb_wrapper\">\n\t\t\t<p class=\"call-subtitle\">You have new project?<\/p>\n<p class=\"call-title\">Contact us!!<\/p>\n<div id=\"gtx-trans\" style=\"position: absolute; left: 161px; top: 77px;\">\n<div class=\"gtx-trans-icon\"><\/div>\n<\/div>\n\n\t\t<\/div>\n\t<\/div>\n<\/div><\/div><\/div><div class=\"wpb_column vc_column_container vc_col-sm-3\"><div class=\"vc_column-inner\"><div class=\"wpb_wrapper\">\n\t<div class=\"wpb_text_column wpb_content_element  text-right\" >\n\t\t<div class=\"wpb_wrapper\">\n\t\t\t<p><a class=\"readon\" href=\"#\">Contact<\/a><\/p>\n\n\t\t<\/div>\n\t<\/div>\n<\/div><\/div><\/div><\/div><div class=\"vc_row-full-width vc_clearfix\"><\/div>","protected":false},"excerpt":{"rendered":"Gi\u1edbi thi\u1ec7u v\u1ec1 ch\u00fang t\u00f4i C\u00f4ng ty TNHH DV \u0110\u1ea7u t\u01b0 Chi Khang Th\u00e1ng 5 n\u0103m 2020 C\u00f4ng ty TNHH [...]","protected":false},"author":1,"featured_media":0,"parent":0,"menu_order":0,"comment_status":"closed","ping_status":"closed","template":"","meta":[],"_links":{"self":[{"href":"https:\/\/ckinvestment.com.vn\/en\/wp-json\/wp\/v2\/pages\/919"}],"collection":[{"href":"https:\/\/ckinvestment.com.vn\/en\/wp-json\/wp\/v2\/pages"}],"about":[{"href":"https:\/\/ckinvestment.com.vn\/en\/wp-json\/wp\/v2\/types\/page"}],"author":[{"embeddable":true,"href":"https:\/\/ckinvestment.com.vn\/en\/wp-json\/wp\/v2\/users\/1"}],"replies":[{"embeddable":true,"href":"https:\/\/ckinvestment.com.vn\/en\/wp-json\/wp\/v2\/comments?post=919"}],"version-history":[{"count":0,"href":"https:\/\/ckinvestment.com.vn\/en\/wp-json\/wp\/v2\/pages\/919\/revisions"}],"wp:attachment":[{"href":"https:\/\/ckinvestment.com.vn\/en\/wp-json\/wp\/v2\/media?parent=919"}],"curies":[{"name":"wp","href":"https:\/\/api.w.org\/{rel}","templated":true}]}}