{"id":3836,"date":"2021-10-31T09:26:52","date_gmt":"2021-10-31T09:26:52","guid":{"rendered":"https:\/\/ckinvestment.com.vn\/?page_id=3836"},"modified":"2021-10-31T09:26:52","modified_gmt":"2021-10-31T09:26:52","slug":"tin-tuc","status":"publish","type":"page","link":"https:\/\/ckinvestment.com.vn\/en\/tin-tuc\/","title":{"rendered":"Tin t\u1ee9c"},"content":{"rendered":"<div class=\"vc_row wpb_row vc_row-fluid rs-about1 vc_custom_1529903784328\"><div class=\"wpb_column vc_column_container vc_col-sm-12\"><div class=\"vc_column-inner\"><div class=\"wpb_wrapper\"><div class=\"rs-blog-grid rs-blog\">\r\n\t\t\t\t\t<div class=\"row\"><div class=\"col-md-4 col-sm-12 col-xs-12\">\r\n\t\t\t\t\t\t\t<div class=\"blog-item\">\r\n\t\t\t\t\t\t\t<div class=\"blog-img\"> \r\n\t\t\t\t\t\t\t\t<a href=\"https:\/\/ckinvestment.com.vn\/en\/?post_type=post&p=3840\">\r\n\t\t\t\t\t\t\t\t\t<img src=\"https:\/\/ckinvestment.com.vn\/wp-content\/uploads\/2018\/08\/9.jpg\" alt=\"Completed training\" \/>\r\n\t\t\t\t\t\t\t\t<\/a>\r\n\t\t\t\t\t\t\t<\/div>\r\n\t\t\t\t\t\t\t<div class=\"full-blog-content\"> \r\n\t\t\t\t\t\t\t\t<div class=\"blog-meta\"><h3 class=\"blog-title\">\r\n\t\t\t\t\t\t\t\t\t<a href=\"https:\/\/ckinvestment.com.vn\/en\/?post_type=post&p=3840\"> Completed training <\/a>\r\n\t\t\t\t\t\t\t\t<\/h3><\/div>\t\t\t\t\t\t\r\n\t\t\t\t\t\t\t\t<div class=\"blog-desc\">\r\n\t\t\t\t\t\t\t\t\t\u0110\u00e2y l\u00e0 tin t\u1ee9c th\u1eed nghi\u1ec7m. fsgsdg Everyone realizes why a new common language would be desirable: one could refuse...\r\n\t\t\t\t\t\t\t\t<\/div><div class=\"blog-button-icon\"><a href=\"https:\/\/ckinvestment.com.vn\/en\/?post_type=post&p=3840\"><i class=\"\"><\/i><\/a><\/div><\/div>\r\n\t\t\t\t\t\t\t<\/div>\r\n\r\n\r\n\t\t\t\t\t<\/div><div class=\"col-md-4 col-sm-12 col-xs-12\">\r\n\t\t\t\t\t\t\t<div class=\"blog-item\">\r\n\t\t\t\t\t\t\t<div class=\"blog-img\"> \r\n\t\t\t\t\t\t\t\t<a href=\"https:\/\/ckinvestment.com.vn\/en\/?post_type=post&p=3834\">\r\n\t\t\t\t\t\t\t\t\t<img src=\"https:\/\/ckinvestment.com.vn\/wp-content\/uploads\/2018\/08\/9.jpg\" alt=\"Tin t\u1ee9c th\u1eed nghi\u1ec7m\" \/>\r\n\t\t\t\t\t\t\t\t<\/a>\r\n\t\t\t\t\t\t\t<\/div>\r\n\t\t\t\t\t\t\t<div class=\"full-blog-content\"> \r\n\t\t\t\t\t\t\t\t<div class=\"blog-meta\"><h3 class=\"blog-title\">\r\n\t\t\t\t\t\t\t\t\t<a href=\"https:\/\/ckinvestment.com.vn\/en\/?post_type=post&p=3834\"> Tin t\u1ee9c th\u1eed nghi\u1ec7m <\/a>\r\n\t\t\t\t\t\t\t\t<\/h3><\/div>\t\t\t\t\t\t\r\n\t\t\t\t\t\t\t\t<div class=\"blog-desc\">\r\n\t\t\t\t\t\t\t\t\t\u0110\u00e2y l\u00e0 tin t\u1ee9c th\u1eed nghi\u1ec7m. Everyone realizes why a new common language would be desirable: one could refuse to...\r\n\t\t\t\t\t\t\t\t<\/div><div class=\"blog-button-icon\"><a href=\"https:\/\/ckinvestment.com.vn\/en\/?post_type=post&p=3834\"><i class=\"\"><\/i><\/a><\/div><\/div>\r\n\t\t\t\t\t\t\t<\/div>\r\n\r\n\r\n\t\t\t\t\t<\/div><\/div>\r\n\t\t\t<\/div><\/div><\/div><\/div><\/div>","protected":false},"excerpt":{"rendered":"\u0110\u00e2y l\u00e0 tin t\u1ee9c th\u1eed nghi\u1ec7m. Everyone realizes why a new common language would be desirable: one could refuse to [...]","protected":false},"author":1,"featured_media":0,"parent":0,"menu_order":0,"comment_status":"closed","ping_status":"closed","template":"","meta":[],"_links":{"self":[{"href":"https:\/\/ckinvestment.com.vn\/en\/wp-json\/wp\/v2\/pages\/3836"}],"collection":[{"href":"https:\/\/ckinvestment.com.vn\/en\/wp-json\/wp\/v2\/pages"}],"about":[{"href":"https:\/\/ckinvestment.com.vn\/en\/wp-json\/wp\/v2\/types\/page"}],"author":[{"embeddable":true,"href":"https:\/\/ckinvestment.com.vn\/en\/wp-json\/wp\/v2\/users\/1"}],"replies":[{"embeddable":true,"href":"https:\/\/ckinvestment.com.vn\/en\/wp-json\/wp\/v2\/comments?post=3836"}],"version-history":[{"count":0,"href":"https:\/\/ckinvestment.com.vn\/en\/wp-json\/wp\/v2\/pages\/3836\/revisions"}],"wp:attachment":[{"href":"https:\/\/ckinvestment.com.vn\/en\/wp-json\/wp\/v2\/media?parent=3836"}],"curies":[{"name":"wp","href":"https:\/\/api.w.org\/{rel}","templated":true}]}}