{"id":3661,"date":"2021-09-30T17:39:37","date_gmt":"2021-09-30T17:39:37","guid":{"rendered":"https:\/\/ckinvestment.com.vn\/?page_id=3661"},"modified":"2021-09-30T18:26:55","modified_gmt":"2021-09-30T18:26:55","slug":"contact-us-2","status":"publish","type":"page","link":"https:\/\/ckinvestment.com.vn\/en\/contact-us-2\/","title":{"rendered":"Contact"},"content":{"rendered":"<div id=\"rscontact-pages\" data-vc-full-width=\"true\" data-vc-full-width-init=\"false\" class=\"vc_row wpb_row vc_row-fluid vc_custom_1633026413782 vc_row-has-fill\"><div class=\"wpb_column vc_column_container vc_col-sm-12\"><div class=\"vc_column-inner\"><div class=\"wpb_wrapper\"><div class=\"vc_row wpb_row vc_inner vc_row-fluid vc_row-o-equal-height vc_row-o-content-middle vc_row-flex\"><div class=\"wpb_column vc_column_container vc_col-sm-6\"><div class=\"vc_column-inner\"><div class=\"wpb_wrapper\">\r\n        <div class=\"rs-heading\">\r\n        \t<div class=\"title-inner\">\r\n\t            \r\n\t            <h2>TRAINING COURSE REGISTRATION FORM<\/h2>\r\n\t        <\/div><div class=\"description\"><p>Vui l\u00f2ng \u0111i\u1ec1n \u0111\u1ea7y \u0111\u1ee7 c\u00e1c th\u00f4ng tin c\u00e1 nh\u00e2n nh\u01b0 b\u00ean d\u01b0\u1edbi. C\u00e1c th\u00f4ng tin n\u00e0y s\u1ebd xu\u1ea5t hi\u1ec7n trong ch\u1ee9ng ch\u1ec9 sau kh\u00f3a \u0111\u00e0o t\u1ea1o.<\/p><\/div><\/div><div role=\"form\" class=\"wpcf7\" id=\"wpcf7-f3666-o1\" lang=\"vi\" dir=\"ltr\">\n<div class=\"screen-reader-response\"><p role=\"status\" aria-live=\"polite\" aria-atomic=\"true\"><\/p> <ul><\/ul><\/div>\n<form action=\"\/en\/wp-json\/wp\/v2\/pages\/3661#wpcf7-f3666-o1\" method=\"post\" class=\"wpcf7-form init\" novalidate=\"novalidate\" data-status=\"init\" data-trp-original-action=\"\/en\/wp-json\/wp\/v2\/pages\/3661#wpcf7-f3666-o1\">\n<div style=\"display: none;\">\n<input type=\"hidden\" name=\"_wpcf7\" value=\"3666\" \/>\n<input type=\"hidden\" name=\"_wpcf7_version\" value=\"5.4.2\" \/>\n<input type=\"hidden\" name=\"_wpcf7_locale\" value=\"vi\" \/>\n<input type=\"hidden\" name=\"_wpcf7_unit_tag\" value=\"wpcf7-f3666-o1\" \/>\n<input type=\"hidden\" name=\"_wpcf7_container_post\" value=\"0\" \/>\n<input type=\"hidden\" name=\"_wpcf7_posted_data_hash\" value=\"\" \/>\n<\/div>\n<p><label> Email*<br \/>\n    <span class=\"wpcf7-form-control-wrap your-email\"><input type=\"email\" name=\"your-email\" value=\"\" size=\"40\" class=\"wpcf7-form-control wpcf7-text wpcf7-email wpcf7-validates-as-required wpcf7-validates-as-email\" aria-required=\"true\" aria-invalid=\"false\" \/><\/span> <\/label><br \/>\n<label> Kh\u00f3a h\u1ecdc - Training course<br \/>\n    <span class=\"wpcf7-form-control-wrap your-course\"><input type=\"text\" name=\"your-course\" value=\"\" size=\"40\" class=\"wpcf7-form-control wpcf7-text wpcf7-validates-as-required\" aria-required=\"true\" aria-invalid=\"false\" \/><\/span> <\/label><br \/>\n<label> T\u00ean c\u1ee7a b\u1ea1n - Full name*<br \/>\n    <span class=\"wpcf7-form-control-wrap your-name\"><input type=\"text\" name=\"your-name\" value=\"\" size=\"40\" class=\"wpcf7-form-control wpcf7-text wpcf7-validates-as-required\" aria-required=\"true\" aria-invalid=\"false\" \/><\/span> <\/label><br \/>\n<label> C\u00f4ng ty - Company*<br \/>\n    <span class=\"wpcf7-form-control-wrap your-company\"><input type=\"text\" name=\"your-company\" value=\"\" size=\"40\" class=\"wpcf7-form-control wpcf7-text wpcf7-validates-as-required\" aria-required=\"true\" aria-invalid=\"false\" \/><\/span> <\/label><br \/>\n<label> Ch\u1ee9c danh - Position*<br \/>\n    <span class=\"wpcf7-form-control-wrap your-position\"><input type=\"text\" name=\"your-position\" value=\"\" size=\"40\" class=\"wpcf7-form-control wpcf7-text wpcf7-validates-as-required\" aria-required=\"true\" aria-invalid=\"false\" \/><\/span> <\/label><br \/>\n<label> S\u1ed1 h\u1ed9 chi\u1ebfu ho\u1eb7c CCCD - ID no or Passport no*<br \/>\n    <span class=\"wpcf7-form-control-wrap your-passport\"><input type=\"text\" name=\"your-passport\" value=\"\" size=\"40\" class=\"wpcf7-form-control wpcf7-text wpcf7-validates-as-required\" aria-required=\"true\" aria-invalid=\"false\" \/><\/span> <\/label><br \/>\n<label> Ng\u00e0y sinh - Birthday*<br \/>\n<span class=\"wpcf7-form-control-wrap date-68\"><input type=\"date\" name=\"date-68\" value=\"\" class=\"wpcf7-form-control wpcf7-date wpcf7-validates-as-required wpcf7-validates-as-date\" aria-required=\"true\" aria-invalid=\"false\" \/><\/span> <\/label><br \/>\n<label>S\u1ed1 \u0111i\u1ec7n tho\u1ea1i li\u00ean h\u1ec7 - Phone number*<br \/>\n<span class=\"wpcf7-form-control-wrap tel-931\"><input type=\"tel\" name=\"tel-931\" value=\"\" size=\"40\" class=\"wpcf7-form-control wpcf7-text wpcf7-tel wpcf7-validates-as-required wpcf7-validates-as-tel\" aria-required=\"true\" aria-invalid=\"false\" \/><\/span><\/label><\/p>\n<p><input type=\"submit\" value=\"G\u1edfi th\u00f4ng tin\" class=\"wpcf7-form-control wpcf7-submit\" \/><\/p>\n<div class=\"wpcf7-response-output\" aria-hidden=\"true\"><\/div><input type=\"hidden\" name=\"trp-form-language\" value=\"en\"\/><\/form><\/div><\/div><\/div><\/div><div class=\"contact-details wpb_column vc_column_container vc_col-sm-6\"><div class=\"vc_column-inner\"><div class=\"wpb_wrapper\"><div class=\"vc_icon_element vc_icon_element-outer vc_icon_element-align-center vc_icon_element-have-style\"><div class=\"vc_icon_element-inner vc_icon_element-color-black vc_icon_element-have-style-inner vc_icon_element-size-sm vc_icon_element-style-rounded vc_icon_element-background vc_icon_element-background-color-orange\" ><span class=\"vc_icon_element-icon fas fa-phone-volume\" ><\/span><\/div><\/div>\n\t<div class=\"wpb_text_column wpb_content_element\" >\n\t\t<div class=\"wpb_wrapper\">\n\t\t\t<p style=\"text-align: center;\">Phone:\u00a0<a href=\"tel:(+84)908676424\">(+84)908676424<\/a><\/p>\n\n\t\t<\/div>\n\t<\/div>\n<div class=\"vc_icon_element vc_icon_element-outer vc_icon_element-align-center vc_icon_element-have-style\"><div class=\"vc_icon_element-inner vc_icon_element-color-black vc_icon_element-have-style-inner vc_icon_element-size-sm vc_icon_element-style-rounded vc_icon_element-background vc_icon_element-background-color-orange\" ><span class=\"vc_icon_element-icon fa fa-envelope\" ><\/span><\/div><\/div>\n\t<div class=\"wpb_text_column wpb_content_element\" >\n\t\t<div class=\"wpb_wrapper\">\n\t\t\t<p style=\"text-align: center;\">Email: <a href=\"mailto:info@ckinvestment.com.vn\">info@ckinvestment.com.vn<\/a><br \/>\nWeb:\u00a0<a href=\"https:\/\/ckinvestment.com.vn\/en\/\">www.ckinvestment.com.vn<\/a><\/p>\n\n\t\t<\/div>\n\t<\/div>\n<\/div><\/div><\/div><\/div><\/div><\/div><\/div><\/div><div class=\"vc_row-full-width vc_clearfix\"><\/div>","protected":false},"excerpt":{"rendered":"TRAINING COURSE REGISTRATION FORM Vui l\u00f2ng \u0111i\u1ec1n \u0111\u1ea7y \u0111\u1ee7 c\u00e1c th\u00f4ng tin c\u00e1 nh\u00e2n nh\u01b0 b\u00ean d\u01b0\u1edbi. C\u00e1c th\u00f4ng tin [...]","protected":false},"author":1,"featured_media":0,"parent":0,"menu_order":0,"comment_status":"closed","ping_status":"closed","template":"","meta":[],"_links":{"self":[{"href":"https:\/\/ckinvestment.com.vn\/en\/wp-json\/wp\/v2\/pages\/3661"}],"collection":[{"href":"https:\/\/ckinvestment.com.vn\/en\/wp-json\/wp\/v2\/pages"}],"about":[{"href":"https:\/\/ckinvestment.com.vn\/en\/wp-json\/wp\/v2\/types\/page"}],"author":[{"embeddable":true,"href":"https:\/\/ckinvestment.com.vn\/en\/wp-json\/wp\/v2\/users\/1"}],"replies":[{"embeddable":true,"href":"https:\/\/ckinvestment.com.vn\/en\/wp-json\/wp\/v2\/comments?post=3661"}],"version-history":[{"count":0,"href":"https:\/\/ckinvestment.com.vn\/en\/wp-json\/wp\/v2\/pages\/3661\/revisions"}],"wp:attachment":[{"href":"https:\/\/ckinvestment.com.vn\/en\/wp-json\/wp\/v2\/media?parent=3661"}],"curies":[{"name":"wp","href":"https:\/\/api.w.org\/{rel}","templated":true}]}}