{"id":3647,"date":"2021-09-30T17:21:29","date_gmt":"2021-09-30T17:21:29","guid":{"rendered":"https:\/\/ckinvestment.com.vn\/?page_id=3647"},"modified":"2021-09-30T17:34:44","modified_gmt":"2021-09-30T17:34:44","slug":"dich-vu-ky-thuat","status":"publish","type":"page","link":"https:\/\/ckinvestment.com.vn\/en\/dich-vu-ky-thuat\/","title":{"rendered":"Techinal Services"},"content":{"rendered":"<div class=\"vc_row wpb_row vc_row-fluid rs-about1 vc_custom_1529903784328\"><div class=\"wpb_column vc_column_container vc_col-sm-6\"><div class=\"vc_column-inner\"><div class=\"wpb_wrapper\"><div class=\"rs-services\"><div class=\"service-inner services-style-3 center\">\n\t\t<div class=\"services-wrap\"> \n         <div class=\"services-item\">\n            <div class=\"services-icon\">\n                <a ><img src=\"https:\/\/ckinvestment.com.vn\/wp-content\/uploads\/2021\/09\/Asset-1sodo.png\" alt=\"T\u01b0 v\u1ea5n k\u1ef9 thu\u1eadt\" \/><\/a>\n             <\/div>\n        \n\t\t<div class=\"services-desc\">\n\t\t\t<h3 class=\"services-title services-title2\"><a >Technical Consultant<\/a><\/h3>\n\t\t\t<p><\/p>\n\t\t\t\n\t\t<\/div>\t\t\n\t\t<\/div>\t\n\t<\/div>\n\t<\/div><\/div><\/div><\/div><\/div><div class=\"wpb_column vc_column_container vc_col-sm-6\"><div class=\"vc_column-inner\"><div class=\"wpb_wrapper\"><div class=\"rs-services\"><div class=\"service-inner services-style-3 center\">\n\t\t<div class=\"services-wrap\"> \n         <div class=\"services-item\">\n            <div class=\"services-icon\">\n                <a ><img src=\"https:\/\/ckinvestment.com.vn\/wp-content\/uploads\/2021\/09\/Asset-2buonban.png\" alt=\"B\u00e1n bu\u00f4n m\u00e1y m\u00f3c, thi\u1ebft b\u1ecb v\u00e0 ph\u1ee5 t\u00f9ng m\u00e1y\" \/><\/a>\n             <\/div>\n        \n\t\t<div class=\"services-desc\">\n\t\t\t<h3 class=\"services-title services-title2\"><a >Bussiness, Maintanace, Repair of Machinery<\/a><\/h3>\n\t\t\t<p><\/p>\n\t\t\t\n\t\t<\/div>\t\t\n\t\t<\/div>\t\n\t<\/div>\n\t<\/div><\/div><\/div><\/div><\/div><\/div><div class=\"vc_row wpb_row vc_row-fluid rs-about1 vc_custom_1529903784328\"><div class=\"wpb_column vc_column_container vc_col-sm-6\"><div class=\"vc_column-inner\"><div class=\"wpb_wrapper\"><div class=\"rs-services\"><div class=\"service-inner services-style-3 center\">\n\t\t<div class=\"services-wrap\"> \n         <div class=\"services-item\">\n            <div class=\"services-icon\">\n                <a ><img src=\"https:\/\/ckinvestment.com.vn\/wp-content\/uploads\/2021\/09\/Asset-3Giacong.png\" alt=\"Gia c\u00f4ng c\u01a1 kh\u00ed; x\u1eed l\u00fd v\u00e0 tr\u00e1ng ph\u1ee7 kim lo\u1ea1i\" \/><\/a>\n             <\/div>\n        \n\t\t<div class=\"services-desc\">\n\t\t\t<h3 class=\"services-title services-title2\"><a >Mechanical, Coating and Treatment<\/a><\/h3>\n\t\t\t<p><\/p>\n\t\t\t\n\t\t<\/div>\t\t\n\t\t<\/div>\t\n\t<\/div>\n\t<\/div><\/div><\/div><\/div><\/div><div class=\"wpb_column vc_column_container vc_col-sm-6\"><div class=\"vc_column-inner\"><div class=\"wpb_wrapper\"><div class=\"rs-services\"><div class=\"service-inner services-style-3 center\">\n\t\t<div class=\"services-wrap\"> \n         <div class=\"services-item\">\n            <div class=\"services-icon\">\n                <a ><img src=\"https:\/\/ckinvestment.com.vn\/wp-content\/uploads\/2021\/09\/Asset-4hotro.png\" alt=\"D\u1ecbch v\u1ee5 t\u01b0 v\u1ea5n, h\u1ed7 tr\u1ee3 k\u1ef9 thu\u1eadt\" \/><\/a>\n             <\/div>\n        \n\t\t<div class=\"services-desc\">\n\t\t\t<h3 class=\"services-title services-title2\"><a >Miscalkaneous Services<\/a><\/h3>\n\t\t\t<p><\/p>\n\t\t\t\n\t\t<\/div>\t\t\n\t\t<\/div>\t\n\t<\/div>\n\t<\/div><\/div><\/div><\/div><\/div><\/div>","protected":false},"excerpt":{"rendered":"T\u01b0 v\u1ea5n k\u1ef9 thu\u1eadt B\u00e1n bu\u00f4n m\u00e1y m\u00f3c, thi\u1ebft b\u1ecb v\u00e0 ph\u1ee5 t\u00f9ng m\u00e1y Gia c\u00f4ng c\u01a1 kh\u00ed; x\u1eed l\u00fd [...]","protected":false},"author":1,"featured_media":0,"parent":0,"menu_order":0,"comment_status":"closed","ping_status":"closed","template":"","meta":[],"_links":{"self":[{"href":"https:\/\/ckinvestment.com.vn\/en\/wp-json\/wp\/v2\/pages\/3647"}],"collection":[{"href":"https:\/\/ckinvestment.com.vn\/en\/wp-json\/wp\/v2\/pages"}],"about":[{"href":"https:\/\/ckinvestment.com.vn\/en\/wp-json\/wp\/v2\/types\/page"}],"author":[{"embeddable":true,"href":"https:\/\/ckinvestment.com.vn\/en\/wp-json\/wp\/v2\/users\/1"}],"replies":[{"embeddable":true,"href":"https:\/\/ckinvestment.com.vn\/en\/wp-json\/wp\/v2\/comments?post=3647"}],"version-history":[{"count":0,"href":"https:\/\/ckinvestment.com.vn\/en\/wp-json\/wp\/v2\/pages\/3647\/revisions"}],"wp:attachment":[{"href":"https:\/\/ckinvestment.com.vn\/en\/wp-json\/wp\/v2\/media?parent=3647"}],"curies":[{"name":"wp","href":"https:\/\/api.w.org\/{rel}","templated":true}]}}