{"id":3631,"date":"2021-09-30T17:02:20","date_gmt":"2021-09-30T17:02:20","guid":{"rendered":"https:\/\/ckinvestment.com.vn\/?page_id=3631"},"modified":"2021-10-07T04:35:38","modified_gmt":"2021-10-07T04:35:38","slug":"dao-tao-ky-thuat","status":"publish","type":"page","link":"https:\/\/ckinvestment.com.vn\/en\/dao-tao-ky-thuat\/","title":{"rendered":"Technical training"},"content":{"rendered":"<div class=\"vc_row wpb_row vc_row-fluid rs-about1 vc_custom_1529903784328\"><div class=\"wpb_column vc_column_container vc_col-sm-12\"><div class=\"vc_column-inner\"><div class=\"wpb_wrapper\"><div class=\"rs-blog-grid rs-blog\">\r\n\t\t\t\t\t<div class=\"row\"><div class=\"col-md-4 col-sm-12 col-xs-12\">\r\n\t\t\t\t\t\t\t<div class=\"blog-item\">\r\n\t\t\t\t\t\t\t<div class=\"blog-img\"> \r\n\t\t\t\t\t\t\t\t<a href=\"https:\/\/ckinvestment.com.vn\/en\/?post_type=post&p=3745\">\r\n\t\t\t\t\t\t\t\t\t<img src=\"https:\/\/ckinvestment.com.vn\/wp-content\/uploads\/2021\/10\/fitting-1152236_1920-1024x770-1.jpg\" alt=\"Fitter &#8211; Painting &#038; Corosion\" \/>\r\n\t\t\t\t\t\t\t\t<\/a>\r\n\t\t\t\t\t\t\t<\/div>\r\n\t\t\t\t\t\t\t<div class=\"full-blog-content\"> \r\n\t\t\t\t\t\t\t\t<div class=\"blog-meta\"><h3 class=\"blog-title\">\r\n\t\t\t\t\t\t\t\t\t<a href=\"https:\/\/ckinvestment.com.vn\/en\/?post_type=post&p=3745\"> Fitter &#8211; Painting &#038; Corosion <\/a>\r\n\t\t\t\t\t\t\t\t<\/h3><\/div>\t\t\t\t\t\t\r\n\t\t\t\t\t\t\t\t<div class=\"blog-desc\">\r\n\t\t\t\t\t\t\t\t\tLorem Ipsum is simply dummy text of the printing and typesetting industry. Lorem Ipsum has been the industry&#8217;s standard dummy...\r\n\t\t\t\t\t\t\t\t<\/div><div class=\"blog-button-icon\"><a href=\"https:\/\/ckinvestment.com.vn\/en\/?post_type=post&p=3745\"><i class=\"\"><\/i><\/a><\/div><\/div>\r\n\t\t\t\t\t\t\t<\/div>\r\n\r\n\r\n\t\t\t\t\t<\/div><div class=\"col-md-4 col-sm-12 col-xs-12\">\r\n\t\t\t\t\t\t\t<div class=\"blog-item\">\r\n\t\t\t\t\t\t\t<div class=\"blog-img\"> \r\n\t\t\t\t\t\t\t\t<a href=\"https:\/\/ckinvestment.com.vn\/en\/?post_type=post&p=3743\">\r\n\t\t\t\t\t\t\t\t\t<img src=\"https:\/\/ckinvestment.com.vn\/wp-content\/uploads\/2021\/10\/competency_rope_access_course_content3.bmp\" alt=\"Rope access (Level 1; 2; 3)\" \/>\r\n\t\t\t\t\t\t\t\t<\/a>\r\n\t\t\t\t\t\t\t<\/div>\r\n\t\t\t\t\t\t\t<div class=\"full-blog-content\"> \r\n\t\t\t\t\t\t\t\t<div class=\"blog-meta\"><h3 class=\"blog-title\">\r\n\t\t\t\t\t\t\t\t\t<a href=\"https:\/\/ckinvestment.com.vn\/en\/?post_type=post&p=3743\"> Rope access (Level 1; 2; 3) <\/a>\r\n\t\t\t\t\t\t\t\t<\/h3><\/div>\t\t\t\t\t\t\r\n\t\t\t\t\t\t\t\t<div class=\"blog-desc\">\r\n\t\t\t\t\t\t\t\t\t\u0110\u00e2y l\u00e0 m\u1ee5c th\u1eed nghi\u1ec7m s\u1eeda ph\u1ea7n \u0111\u00e0o t\u1ea1o k\u1ef9 th\u00e2utj. Everyone realizes why a new common language would be...\r\n\t\t\t\t\t\t\t\t<\/div><div class=\"blog-button-icon\"><a href=\"https:\/\/ckinvestment.com.vn\/en\/?post_type=post&p=3743\"><i class=\"\"><\/i><\/a><\/div><\/div>\r\n\t\t\t\t\t\t\t<\/div>\r\n\r\n\r\n\t\t\t\t\t<\/div><div class=\"col-md-4 col-sm-12 col-xs-12\">\r\n\t\t\t\t\t\t\t<div class=\"blog-item\">\r\n\t\t\t\t\t\t\t<div class=\"blog-img\"> \r\n\t\t\t\t\t\t\t\t<a href=\"https:\/\/ckinvestment.com.vn\/en\/?post_type=post&p=3741\">\r\n\t\t\t\t\t\t\t\t\t<img src=\"https:\/\/ckinvestment.com.vn\/wp-content\/uploads\/2018\/08\/9.jpg\" alt=\"Basic Corrosion\" \/>\r\n\t\t\t\t\t\t\t\t<\/a>\r\n\t\t\t\t\t\t\t<\/div>\r\n\t\t\t\t\t\t\t<div class=\"full-blog-content\"> \r\n\t\t\t\t\t\t\t\t<div class=\"blog-meta\"><h3 class=\"blog-title\">\r\n\t\t\t\t\t\t\t\t\t<a href=\"https:\/\/ckinvestment.com.vn\/en\/?post_type=post&p=3741\"> Basic Corrosion <\/a>\r\n\t\t\t\t\t\t\t\t<\/h3><\/div>\t\t\t\t\t\t\r\n\t\t\t\t\t\t\t\t<div class=\"blog-desc\">\r\n\t\t\t\t\t\t\t\t\tLorem Ipsum is simply dummy text of the printing and typesetting industry. Lorem Ipsum has been the industry&#8217;s standard dummy...\r\n\t\t\t\t\t\t\t\t<\/div><div class=\"blog-button-icon\"><a href=\"https:\/\/ckinvestment.com.vn\/en\/?post_type=post&p=3741\"><i class=\"\"><\/i><\/a><\/div><\/div>\r\n\t\t\t\t\t\t\t<\/div>\r\n\r\n\r\n\t\t\t\t\t<\/div><div class=\"col-md-4 col-sm-12 col-xs-12\">\r\n\t\t\t\t\t\t\t<div class=\"blog-item\">\r\n\t\t\t\t\t\t\t<div class=\"blog-img\"> \r\n\t\t\t\t\t\t\t\t<a href=\"https:\/\/ckinvestment.com.vn\/en\/?post_type=post&p=3739\">\r\n\t\t\t\t\t\t\t\t\t<img src=\"https:\/\/ckinvestment.com.vn\/wp-content\/uploads\/2018\/08\/9.jpg\" alt=\"Scaffolding\" \/>\r\n\t\t\t\t\t\t\t\t<\/a>\r\n\t\t\t\t\t\t\t<\/div>\r\n\t\t\t\t\t\t\t<div class=\"full-blog-content\"> \r\n\t\t\t\t\t\t\t\t<div class=\"blog-meta\"><h3 class=\"blog-title\">\r\n\t\t\t\t\t\t\t\t\t<a href=\"https:\/\/ckinvestment.com.vn\/en\/?post_type=post&p=3739\"> Scaffolding <\/a>\r\n\t\t\t\t\t\t\t\t<\/h3><\/div>\t\t\t\t\t\t\r\n\t\t\t\t\t\t\t\t<div class=\"blog-desc\">\r\n\t\t\t\t\t\t\t\t\tLorem Ipsum is simply dummy text of the printing and typesetting industry. Lorem Ipsum has been the industry&#8217;s standard dummy...\r\n\t\t\t\t\t\t\t\t<\/div><div class=\"blog-button-icon\"><a href=\"https:\/\/ckinvestment.com.vn\/en\/?post_type=post&p=3739\"><i class=\"\"><\/i><\/a><\/div><\/div>\r\n\t\t\t\t\t\t\t<\/div>\r\n\r\n\r\n\t\t\t\t\t<\/div><div class=\"col-md-4 col-sm-12 col-xs-12\">\r\n\t\t\t\t\t\t\t<div class=\"blog-item\">\r\n\t\t\t\t\t\t\t<div class=\"blog-img\"> \r\n\t\t\t\t\t\t\t\t<a href=\"https:\/\/ckinvestment.com.vn\/en\/?post_type=post&p=3737\">\r\n\t\t\t\t\t\t\t\t\t<img src=\"https:\/\/ckinvestment.com.vn\/wp-content\/uploads\/2018\/08\/9.jpg\" alt=\"Hydraulic Torque Wrench\" \/>\r\n\t\t\t\t\t\t\t\t<\/a>\r\n\t\t\t\t\t\t\t<\/div>\r\n\t\t\t\t\t\t\t<div class=\"full-blog-content\"> \r\n\t\t\t\t\t\t\t\t<div class=\"blog-meta\"><h3 class=\"blog-title\">\r\n\t\t\t\t\t\t\t\t\t<a href=\"https:\/\/ckinvestment.com.vn\/en\/?post_type=post&p=3737\"> Hydraulic Torque Wrench <\/a>\r\n\t\t\t\t\t\t\t\t<\/h3><\/div>\t\t\t\t\t\t\r\n\t\t\t\t\t\t\t\t<div class=\"blog-desc\">\r\n\t\t\t\t\t\t\t\t\tLorem Ipsum is simply dummy text of the printing and typesetting industry. Lorem Ipsum has been the industry&#8217;s standard dummy...\r\n\t\t\t\t\t\t\t\t<\/div><div class=\"blog-button-icon\"><a href=\"https:\/\/ckinvestment.com.vn\/en\/?post_type=post&p=3737\"><i class=\"\"><\/i><\/a><\/div><\/div>\r\n\t\t\t\t\t\t\t<\/div>\r\n\r\n\r\n\t\t\t\t\t<\/div><div class=\"col-md-4 col-sm-12 col-xs-12\">\r\n\t\t\t\t\t\t\t<div class=\"blog-item\">\r\n\t\t\t\t\t\t\t<div class=\"blog-img\"> \r\n\t\t\t\t\t\t\t\t<a href=\"https:\/\/ckinvestment.com.vn\/en\/?post_type=post&p=3735\">\r\n\t\t\t\t\t\t\t\t\t<img src=\"https:\/\/ckinvestment.com.vn\/wp-content\/uploads\/2018\/08\/9.jpg\" alt=\"Bolt tensioning cylinder\" \/>\r\n\t\t\t\t\t\t\t\t<\/a>\r\n\t\t\t\t\t\t\t<\/div>\r\n\t\t\t\t\t\t\t<div class=\"full-blog-content\"> \r\n\t\t\t\t\t\t\t\t<div class=\"blog-meta\"><h3 class=\"blog-title\">\r\n\t\t\t\t\t\t\t\t\t<a href=\"https:\/\/ckinvestment.com.vn\/en\/?post_type=post&p=3735\"> Bolt tensioning cylinder <\/a>\r\n\t\t\t\t\t\t\t\t<\/h3><\/div>\t\t\t\t\t\t\r\n\t\t\t\t\t\t\t\t<div class=\"blog-desc\">\r\n\t\t\t\t\t\t\t\t\tLorem Ipsum is simply dummy text of the printing and typesetting industry. Lorem Ipsum has been the industry&#8217;s standard dummy...\r\n\t\t\t\t\t\t\t\t<\/div><div class=\"blog-button-icon\"><a href=\"https:\/\/ckinvestment.com.vn\/en\/?post_type=post&p=3735\"><i class=\"\"><\/i><\/a><\/div><\/div>\r\n\t\t\t\t\t\t\t<\/div>\r\n\r\n\r\n\t\t\t\t\t<\/div><div class=\"col-md-4 col-sm-12 col-xs-12\">\r\n\t\t\t\t\t\t\t<div class=\"blog-item\">\r\n\t\t\t\t\t\t\t<div class=\"blog-img\"> \r\n\t\t\t\t\t\t\t\t<a href=\"https:\/\/ckinvestment.com.vn\/en\/?post_type=post&p=3733\">\r\n\t\t\t\t\t\t\t\t\t<img src=\"https:\/\/ckinvestment.com.vn\/wp-content\/uploads\/2018\/08\/9.jpg\" alt=\"Slinger Signaller\" \/>\r\n\t\t\t\t\t\t\t\t<\/a>\r\n\t\t\t\t\t\t\t<\/div>\r\n\t\t\t\t\t\t\t<div class=\"full-blog-content\"> \r\n\t\t\t\t\t\t\t\t<div class=\"blog-meta\"><h3 class=\"blog-title\">\r\n\t\t\t\t\t\t\t\t\t<a href=\"https:\/\/ckinvestment.com.vn\/en\/?post_type=post&p=3733\"> Slinger Signaller <\/a>\r\n\t\t\t\t\t\t\t\t<\/h3><\/div>\t\t\t\t\t\t\r\n\t\t\t\t\t\t\t\t<div class=\"blog-desc\">\r\n\t\t\t\t\t\t\t\t\tLorem Ipsum is simply dummy text of the printing and typesetting industry. Lorem Ipsum has been the industry&#8217;s standard dummy...\r\n\t\t\t\t\t\t\t\t<\/div><div class=\"blog-button-icon\"><a href=\"https:\/\/ckinvestment.com.vn\/en\/?post_type=post&p=3733\"><i class=\"\"><\/i><\/a><\/div><\/div>\r\n\t\t\t\t\t\t\t<\/div>\r\n\r\n\r\n\t\t\t\t\t<\/div><div class=\"col-md-4 col-sm-12 col-xs-12\">\r\n\t\t\t\t\t\t\t<div class=\"blog-item\">\r\n\t\t\t\t\t\t\t<div class=\"blog-img\"> \r\n\t\t\t\t\t\t\t\t<a href=\"https:\/\/ckinvestment.com.vn\/en\/?post_type=post&p=3731\">\r\n\t\t\t\t\t\t\t\t\t<img src=\"https:\/\/ckinvestment.com.vn\/wp-content\/uploads\/2018\/08\/9.jpg\" alt=\"Forklift Operator\" \/>\r\n\t\t\t\t\t\t\t\t<\/a>\r\n\t\t\t\t\t\t\t<\/div>\r\n\t\t\t\t\t\t\t<div class=\"full-blog-content\"> \r\n\t\t\t\t\t\t\t\t<div class=\"blog-meta\"><h3 class=\"blog-title\">\r\n\t\t\t\t\t\t\t\t\t<a href=\"https:\/\/ckinvestment.com.vn\/en\/?post_type=post&p=3731\"> Forklift Operator <\/a>\r\n\t\t\t\t\t\t\t\t<\/h3><\/div>\t\t\t\t\t\t\r\n\t\t\t\t\t\t\t\t<div class=\"blog-desc\">\r\n\t\t\t\t\t\t\t\t\tLorem Ipsum is simply dummy text of the printing and typesetting industry. Lorem Ipsum has been the industry&#8217;s standard dummy...\r\n\t\t\t\t\t\t\t\t<\/div><div class=\"blog-button-icon\"><a href=\"https:\/\/ckinvestment.com.vn\/en\/?post_type=post&p=3731\"><i class=\"\"><\/i><\/a><\/div><\/div>\r\n\t\t\t\t\t\t\t<\/div>\r\n\r\n\r\n\t\t\t\t\t<\/div><div class=\"col-md-4 col-sm-12 col-xs-12\">\r\n\t\t\t\t\t\t\t<div class=\"blog-item\">\r\n\t\t\t\t\t\t\t<div class=\"blog-img\"> \r\n\t\t\t\t\t\t\t\t<a href=\"https:\/\/ckinvestment.com.vn\/en\/?post_type=post&p=3729\">\r\n\t\t\t\t\t\t\t\t\t<img src=\"https:\/\/ckinvestment.com.vn\/wp-content\/uploads\/2021\/10\/fitting-1152236_1920-1024x770-1.jpg\" alt=\"Overhead Crane Operator\" \/>\r\n\t\t\t\t\t\t\t\t<\/a>\r\n\t\t\t\t\t\t\t<\/div>\r\n\t\t\t\t\t\t\t<div class=\"full-blog-content\"> \r\n\t\t\t\t\t\t\t\t<div class=\"blog-meta\"><h3 class=\"blog-title\">\r\n\t\t\t\t\t\t\t\t\t<a href=\"https:\/\/ckinvestment.com.vn\/en\/?post_type=post&p=3729\"> Overhead Crane Operator <\/a>\r\n\t\t\t\t\t\t\t\t<\/h3><\/div>\t\t\t\t\t\t\r\n\t\t\t\t\t\t\t\t<div class=\"blog-desc\">\r\n\t\t\t\t\t\t\t\t\tLorem Ipsum is simply dummy text of the printing and typesetting industry. Lorem Ipsum has been the industry&#8217;s standard dummy...\r\n\t\t\t\t\t\t\t\t<\/div><div class=\"blog-button-icon\"><a href=\"https:\/\/ckinvestment.com.vn\/en\/?post_type=post&p=3729\"><i class=\"\"><\/i><\/a><\/div><\/div>\r\n\t\t\t\t\t\t\t<\/div>\r\n\r\n\r\n\t\t\t\t\t<\/div><div class=\"col-md-4 col-sm-12 col-xs-12\">\r\n\t\t\t\t\t\t\t<div class=\"blog-item\">\r\n\t\t\t\t\t\t\t<div class=\"blog-img\"> \r\n\t\t\t\t\t\t\t\t<a href=\"https:\/\/ckinvestment.com.vn\/en\/?post_type=post&p=3727\">\r\n\t\t\t\t\t\t\t\t\t<img src=\"https:\/\/ckinvestment.com.vn\/wp-content\/uploads\/2018\/08\/9.jpg\" alt=\"Lifting Supervisor\" \/>\r\n\t\t\t\t\t\t\t\t<\/a>\r\n\t\t\t\t\t\t\t<\/div>\r\n\t\t\t\t\t\t\t<div class=\"full-blog-content\"> \r\n\t\t\t\t\t\t\t\t<div class=\"blog-meta\"><h3 class=\"blog-title\">\r\n\t\t\t\t\t\t\t\t\t<a href=\"https:\/\/ckinvestment.com.vn\/en\/?post_type=post&p=3727\"> Lifting Supervisor <\/a>\r\n\t\t\t\t\t\t\t\t<\/h3><\/div>\t\t\t\t\t\t\r\n\t\t\t\t\t\t\t\t<div class=\"blog-desc\">\r\n\t\t\t\t\t\t\t\t\tLorem Ipsum is simply dummy text of the printing and typesetting industry. Lorem Ipsum has been the industry&#8217;s standard dummy...\r\n\t\t\t\t\t\t\t\t<\/div><div class=\"blog-button-icon\"><a href=\"https:\/\/ckinvestment.com.vn\/en\/?post_type=post&p=3727\"><i class=\"\"><\/i><\/a><\/div><\/div>\r\n\t\t\t\t\t\t\t<\/div>\r\n\r\n\r\n\t\t\t\t\t<\/div><\/div>\r\n\t\t\t<\/div><\/div><\/div><\/div><\/div>","protected":false},"excerpt":{"rendered":"Lorem Ipsum is simply dummy text of the printing and typesetting industry. Lorem Ipsum has been the industry's standard dummy [...]","protected":false},"author":1,"featured_media":0,"parent":0,"menu_order":0,"comment_status":"closed","ping_status":"closed","template":"","meta":[],"_links":{"self":[{"href":"https:\/\/ckinvestment.com.vn\/en\/wp-json\/wp\/v2\/pages\/3631"}],"collection":[{"href":"https:\/\/ckinvestment.com.vn\/en\/wp-json\/wp\/v2\/pages"}],"about":[{"href":"https:\/\/ckinvestment.com.vn\/en\/wp-json\/wp\/v2\/types\/page"}],"author":[{"embeddable":true,"href":"https:\/\/ckinvestment.com.vn\/en\/wp-json\/wp\/v2\/users\/1"}],"replies":[{"embeddable":true,"href":"https:\/\/ckinvestment.com.vn\/en\/wp-json\/wp\/v2\/comments?post=3631"}],"version-history":[{"count":0,"href":"https:\/\/ckinvestment.com.vn\/en\/wp-json\/wp\/v2\/pages\/3631\/revisions"}],"wp:attachment":[{"href":"https:\/\/ckinvestment.com.vn\/en\/wp-json\/wp\/v2\/media?parent=3631"}],"curies":[{"name":"wp","href":"https:\/\/api.w.org\/{rel}","templated":true}]}}